{"id":25,"date":"2025-05-21T08:09:22","date_gmt":"2025-05-21T08:09:22","guid":{"rendered":"https:\/\/tuproveedorgourmet.rkinformatika.online\/?page_id=25"},"modified":"2025-05-22T10:46:31","modified_gmt":"2025-05-22T10:46:31","slug":"ibericos","status":"publish","type":"page","link":"https:\/\/tuproveedorgourmet.com\/en\/ibericos\/","title":{"rendered":"Iberian"},"content":{"rendered":"<div data-elementor-type=\"wp-page\" data-elementor-id=\"25\" class=\"elementor elementor-25\" data-elementor-post-type=\"page\">\n\t\t\t\t<div class=\"elementor-element elementor-element-b23f0c2 e-flex e-con-boxed e-con e-parent\" data-id=\"b23f0c2\" data-element_type=\"container\" data-e-type=\"container\" data-settings=\"{&quot;background_background&quot;:&quot;classic&quot;}\">\n\t\t\t\t\t<div class=\"e-con-inner\">\n\t\t<div class=\"elementor-element elementor-element-ba61a4c e-con-full e-flex e-con e-child\" data-id=\"ba61a4c\" data-element_type=\"container\" data-e-type=\"container\">\n\t\t\t\t<div class=\"elementor-element elementor-element-33d9e2a elementor-widget elementor-widget-heading\" data-id=\"33d9e2a\" data-element_type=\"widget\" data-e-type=\"widget\" data-widget_type=\"heading.default\">\n\t\t\t\t<div class=\"elementor-widget-container\">\n\t\t\t\t\t<h2 class=\"elementor-heading-title elementor-size-default\">Jam\u00f3n Ib\u00e9rico de Bellota<\/h2>\t\t\t\t<\/div>\n\t\t\t\t<\/div>\n\t\t\t\t<div class=\"elementor-element elementor-element-242d38e elementor-widget elementor-widget-text-editor\" data-id=\"242d38e\" data-element_type=\"widget\" data-e-type=\"widget\" data-widget_type=\"text-editor.default\">\n\t\t\t\t<div class=\"elementor-widget-container\">\n\t\t\t\t\t\t\t\t\t<ul><li data-start=\"779\" data-end=\"837\"><p data-start=\"781\" data-end=\"837\"><strong data-start=\"781\" data-end=\"797\">Pieza entera<\/strong> (con pata, curaci\u00f3n natural en bodega).<\/p><\/li><li data-start=\"838\" data-end=\"914\"><p data-start=\"840\" data-end=\"914\"><strong data-start=\"840\" data-end=\"854\">Deshuesado<\/strong> (listo para corte mec\u00e1nico o presentaci\u00f3n en restauraci\u00f3n).<\/p><\/li><li data-start=\"915\" data-end=\"978\"><p data-start=\"917\" data-end=\"978\"><strong data-start=\"917\" data-end=\"940\">Loncheado a m\u00e1quina<\/strong> (corte homog\u00e9neo, envasado al vac\u00edo).<\/p><\/li><li data-start=\"979\" data-end=\"1070\"><p data-start=\"981\" data-end=\"1070\"><strong data-start=\"981\" data-end=\"1005\">Loncheado a cuchillo<\/strong> (bajo pedido, corte tradicional que conserva aromas y texturas).<\/p><\/li><\/ul>\t\t\t\t\t\t\t\t<\/div>\n\t\t\t\t<\/div>\n\t\t\t\t<\/div>\n\t\t<div class=\"elementor-element elementor-element-0dd3fe0 e-con-full e-flex e-con e-child\" data-id=\"0dd3fe0\" data-element_type=\"container\" data-e-type=\"container\">\n\t\t\t\t<div class=\"elementor-element elementor-element-deebf71 elementor-widget elementor-widget-image\" data-id=\"deebf71\" data-element_type=\"widget\" data-e-type=\"widget\" data-widget_type=\"image.default\">\n\t\t\t\t<div class=\"elementor-widget-container\">\n\t\t\t\t\t\t\t\t\t\t\t\t\t\t\t<img fetchpriority=\"high\" decoding=\"async\" width=\"800\" height=\"600\" src=\"https:\/\/tuproveedorgourmet.com\/wp-content\/uploads\/2025\/05\/IMG-20250127-WA0011-Aitor-Almero-1024x768.jpg\" class=\"attachment-large size-large wp-image-465\" alt=\"\" srcset=\"https:\/\/tuproveedorgourmet.com\/wp-content\/uploads\/2025\/05\/IMG-20250127-WA0011-Aitor-Almero-1024x768.jpg 1024w, https:\/\/tuproveedorgourmet.com\/wp-content\/uploads\/2025\/05\/IMG-20250127-WA0011-Aitor-Almero-300x225.jpg 300w, https:\/\/tuproveedorgourmet.com\/wp-content\/uploads\/2025\/05\/IMG-20250127-WA0011-Aitor-Almero-768x576.jpg 768w, https:\/\/tuproveedorgourmet.com\/wp-content\/uploads\/2025\/05\/IMG-20250127-WA0011-Aitor-Almero-1536x1152.jpg 1536w, https:\/\/tuproveedorgourmet.com\/wp-content\/uploads\/2025\/05\/IMG-20250127-WA0011-Aitor-Almero-16x12.jpg 16w, https:\/\/tuproveedorgourmet.com\/wp-content\/uploads\/2025\/05\/IMG-20250127-WA0011-Aitor-Almero.jpg 1600w\" sizes=\"(max-width: 800px) 100vw, 800px\" \/>\t\t\t\t\t\t\t\t\t\t\t\t\t\t\t<\/div>\n\t\t\t\t<\/div>\n\t\t\t\t<\/div>\n\t\t<div class=\"elementor-element elementor-element-6159f1a e-con-full e-flex e-con e-child\" data-id=\"6159f1a\" data-element_type=\"container\" data-e-type=\"container\">\n\t\t\t\t<div class=\"elementor-element elementor-element-09d596c elementor-widget elementor-widget-image\" data-id=\"09d596c\" data-element_type=\"widget\" data-e-type=\"widget\" data-widget_type=\"image.default\">\n\t\t\t\t<div class=\"elementor-widget-container\">\n\t\t\t\t\t\t\t\t\t\t\t\t\t\t\t<img decoding=\"async\" width=\"800\" height=\"600\" src=\"https:\/\/tuproveedorgourmet.com\/wp-content\/uploads\/2025\/05\/IMG-20250127-WA0014-Aitor-Almero-1024x768.jpg\" class=\"attachment-large size-large wp-image-466\" alt=\"\" srcset=\"https:\/\/tuproveedorgourmet.com\/wp-content\/uploads\/2025\/05\/IMG-20250127-WA0014-Aitor-Almero-1024x768.jpg 1024w, https:\/\/tuproveedorgourmet.com\/wp-content\/uploads\/2025\/05\/IMG-20250127-WA0014-Aitor-Almero-300x225.jpg 300w, https:\/\/tuproveedorgourmet.com\/wp-content\/uploads\/2025\/05\/IMG-20250127-WA0014-Aitor-Almero-768x576.jpg 768w, https:\/\/tuproveedorgourmet.com\/wp-content\/uploads\/2025\/05\/IMG-20250127-WA0014-Aitor-Almero-1536x1152.jpg 1536w, https:\/\/tuproveedorgourmet.com\/wp-content\/uploads\/2025\/05\/IMG-20250127-WA0014-Aitor-Almero-16x12.jpg 16w, https:\/\/tuproveedorgourmet.com\/wp-content\/uploads\/2025\/05\/IMG-20250127-WA0014-Aitor-Almero.jpg 1600w\" sizes=\"(max-width: 800px) 100vw, 800px\" \/>\t\t\t\t\t\t\t\t\t\t\t\t\t\t\t<\/div>\n\t\t\t\t<\/div>\n\t\t\t\t<\/div>\n\t\t<div class=\"elementor-element elementor-element-d3249b7 e-con-full e-flex e-con e-child\" data-id=\"d3249b7\" data-element_type=\"container\" data-e-type=\"container\">\n\t\t\t\t<div class=\"elementor-element elementor-element-c9b35cd elementor-widget elementor-widget-heading\" data-id=\"c9b35cd\" data-element_type=\"widget\" data-e-type=\"widget\" data-widget_type=\"heading.default\">\n\t\t\t\t<div class=\"elementor-widget-container\">\n\t\t\t\t\t<h2 class=\"elementor-heading-title elementor-size-default\">Paleta Ib\u00e9rica de Bellota<\/h2>\t\t\t\t<\/div>\n\t\t\t\t<\/div>\n\t\t\t\t<div class=\"elementor-element elementor-element-389c6db elementor-widget elementor-widget-text-editor\" data-id=\"389c6db\" data-element_type=\"widget\" data-e-type=\"widget\" data-widget_type=\"text-editor.default\">\n\t\t\t\t<div class=\"elementor-widget-container\">\n\t\t\t\t\t\t\t\t\t<ul><li data-start=\"1201\" data-end=\"1246\"><p data-start=\"1203\" data-end=\"1246\">Curaci\u00f3n m\u00e1s breve pero de sabor intenso.<\/p><\/li><li data-start=\"1247\" data-end=\"1365\"><p data-start=\"1249\" data-end=\"1365\">Disponible en <strong data-start=\"1263\" data-end=\"1279\">pieza entera<\/strong>, <strong data-start=\"1281\" data-end=\"1295\">deshuesada<\/strong>, <strong data-start=\"1297\" data-end=\"1320\">loncheada a m\u00e1quina<\/strong> y especialmente en <strong data-start=\"1340\" data-end=\"1364\">loncheado a cuchillo<\/strong>.<\/p><\/li><\/ul>\t\t\t\t\t\t\t\t<\/div>\n\t\t\t\t<\/div>\n\t\t\t\t<\/div>\n\t\t\t\t\t<\/div>\n\t\t\t\t<\/div>\n\t\t<div class=\"elementor-element elementor-element-321ff54 e-flex e-con-boxed e-con e-parent\" data-id=\"321ff54\" data-element_type=\"container\" data-e-type=\"container\" data-settings=\"{&quot;background_background&quot;:&quot;classic&quot;}\">\n\t\t\t\t\t<div class=\"e-con-inner\">\n\t\t<div class=\"elementor-element elementor-element-9b2edd7 e-con-full e-flex e-con e-child\" data-id=\"9b2edd7\" data-element_type=\"container\" data-e-type=\"container\">\n\t\t\t\t<div class=\"elementor-element elementor-element-8d6463f elementor-widget elementor-widget-heading\" data-id=\"8d6463f\" data-element_type=\"widget\" data-e-type=\"widget\" data-widget_type=\"heading.default\">\n\t\t\t\t<div class=\"elementor-widget-container\">\n\t\t\t\t\t<h2 class=\"elementor-heading-title elementor-size-default\">Lomo Ib\u00e9rico de Bellota<\/h2>\t\t\t\t<\/div>\n\t\t\t\t<\/div>\n\t\t\t\t<div class=\"elementor-element elementor-element-00e690e elementor-widget elementor-widget-text-editor\" data-id=\"00e690e\" data-element_type=\"widget\" data-e-type=\"widget\" data-widget_type=\"text-editor.default\">\n\t\t\t\t<div class=\"elementor-widget-container\">\n\t\t\t\t\t\t\t\t\t<ul><li data-start=\"1407\" data-end=\"1460\"><p data-start=\"1409\" data-end=\"1460\">Elaborado de forma tradicional con adobo natural.<\/p><\/li><li data-start=\"1461\" data-end=\"1508\"><p data-start=\"1463\" data-end=\"1508\"><strong data-start=\"1463\" data-end=\"1506\">Ca\u00f1a entera embuchada en tripa natural.<\/strong><\/p><\/li><li data-start=\"1509\" data-end=\"1579\"><p data-start=\"1511\" data-end=\"1579\">Tambi\u00e9n disponible en <strong data-start=\"1533\" data-end=\"1578\">rodajas loncheadas a m\u00e1quina o a cuchillo<\/strong>.<\/p><\/li><\/ul>\t\t\t\t\t\t\t\t<\/div>\n\t\t\t\t<\/div>\n\t\t\t\t<\/div>\n\t\t<div class=\"elementor-element elementor-element-d984b4e e-con-full e-flex e-con e-child\" data-id=\"d984b4e\" data-element_type=\"container\" data-e-type=\"container\">\n\t\t\t\t<div class=\"elementor-element elementor-element-3fc08cf elementor-widget elementor-widget-image\" data-id=\"3fc08cf\" data-element_type=\"widget\" data-e-type=\"widget\" data-widget_type=\"image.default\">\n\t\t\t\t<div class=\"elementor-widget-container\">\n\t\t\t\t\t\t\t\t\t\t\t\t\t\t\t<img decoding=\"async\" width=\"768\" height=\"1024\" src=\"https:\/\/tuproveedorgourmet.com\/wp-content\/uploads\/2025\/05\/IMG-20250127-WA0006-Aitor-Almero-768x1024.jpg\" class=\"attachment-large size-large wp-image-484\" alt=\"\" srcset=\"https:\/\/tuproveedorgourmet.com\/wp-content\/uploads\/2025\/05\/IMG-20250127-WA0006-Aitor-Almero-768x1024.jpg 768w, https:\/\/tuproveedorgourmet.com\/wp-content\/uploads\/2025\/05\/IMG-20250127-WA0006-Aitor-Almero-225x300.jpg 225w, https:\/\/tuproveedorgourmet.com\/wp-content\/uploads\/2025\/05\/IMG-20250127-WA0006-Aitor-Almero-1152x1536.jpg 1152w, https:\/\/tuproveedorgourmet.com\/wp-content\/uploads\/2025\/05\/IMG-20250127-WA0006-Aitor-Almero-9x12.jpg 9w, https:\/\/tuproveedorgourmet.com\/wp-content\/uploads\/2025\/05\/IMG-20250127-WA0006-Aitor-Almero.jpg 1200w\" sizes=\"(max-width: 768px) 100vw, 768px\" \/>\t\t\t\t\t\t\t\t\t\t\t\t\t\t\t<\/div>\n\t\t\t\t<\/div>\n\t\t\t\t<\/div>\n\t\t<div class=\"elementor-element elementor-element-49291b5 e-con-full e-flex e-con e-child\" data-id=\"49291b5\" data-element_type=\"container\" data-e-type=\"container\">\n\t\t\t\t<div class=\"elementor-element elementor-element-c5a9eb6 elementor-widget elementor-widget-image\" data-id=\"c5a9eb6\" data-element_type=\"widget\" data-e-type=\"widget\" data-widget_type=\"image.default\">\n\t\t\t\t<div class=\"elementor-widget-container\">\n\t\t\t\t\t\t\t\t\t\t\t\t\t\t\t<img loading=\"lazy\" decoding=\"async\" width=\"768\" height=\"1024\" src=\"https:\/\/tuproveedorgourmet.com\/wp-content\/uploads\/2025\/05\/IMG-20250127-WA0004-Aitor-Almero-768x1024.jpg\" class=\"attachment-large size-large wp-image-485\" alt=\"\" srcset=\"https:\/\/tuproveedorgourmet.com\/wp-content\/uploads\/2025\/05\/IMG-20250127-WA0004-Aitor-Almero-768x1024.jpg 768w, https:\/\/tuproveedorgourmet.com\/wp-content\/uploads\/2025\/05\/IMG-20250127-WA0004-Aitor-Almero-225x300.jpg 225w, https:\/\/tuproveedorgourmet.com\/wp-content\/uploads\/2025\/05\/IMG-20250127-WA0004-Aitor-Almero-1152x1536.jpg 1152w, https:\/\/tuproveedorgourmet.com\/wp-content\/uploads\/2025\/05\/IMG-20250127-WA0004-Aitor-Almero-9x12.jpg 9w, https:\/\/tuproveedorgourmet.com\/wp-content\/uploads\/2025\/05\/IMG-20250127-WA0004-Aitor-Almero.jpg 1200w\" sizes=\"(max-width: 768px) 100vw, 768px\" \/>\t\t\t\t\t\t\t\t\t\t\t\t\t\t\t<\/div>\n\t\t\t\t<\/div>\n\t\t\t\t<\/div>\n\t\t<div class=\"elementor-element elementor-element-d5624eb e-con-full e-flex e-con e-child\" data-id=\"d5624eb\" data-element_type=\"container\" data-e-type=\"container\">\n\t\t\t\t<div class=\"elementor-element elementor-element-f12358b elementor-widget elementor-widget-heading\" data-id=\"f12358b\" data-element_type=\"widget\" data-e-type=\"widget\" data-widget_type=\"heading.default\">\n\t\t\t\t<div class=\"elementor-widget-container\">\n\t\t\t\t\t<h2 class=\"elementor-heading-title elementor-size-default\">Embutidos Ib\u00e9ricos Artesanos<\/h2>\t\t\t\t<\/div>\n\t\t\t\t<\/div>\n\t\t\t\t<div class=\"elementor-element elementor-element-6d58d39 elementor-widget elementor-widget-text-editor\" data-id=\"6d58d39\" data-element_type=\"widget\" data-e-type=\"widget\" data-widget_type=\"text-editor.default\">\n\t\t\t\t<div class=\"elementor-widget-container\">\n\t\t\t\t\t\t\t\t\t<ul><li data-start=\"1626\" data-end=\"1660\"><p data-start=\"1628\" data-end=\"1660\"><strong data-start=\"1628\" data-end=\"1658\">Chorizo Ib\u00e9rico de Bellota<\/strong><\/p><\/li><li data-start=\"1661\" data-end=\"1698\"><p data-start=\"1663\" data-end=\"1698\"><strong data-start=\"1663\" data-end=\"1696\">Salchich\u00f3n Ib\u00e9rico de Bellota<\/strong><\/p><\/li><li data-start=\"1699\" data-end=\"1721\"><p data-start=\"1701\" data-end=\"1721\"><strong data-start=\"1701\" data-end=\"1719\">Morc\u00f3n Ib\u00e9rico<\/strong><\/p><\/li><li data-start=\"1722\" data-end=\"1824\"><p data-start=\"1724\" data-end=\"1824\">Todos elaborados con carnes nobles, piment\u00f3n DOP de La Vera, especias naturales y curados en bodega.<\/p><\/li><\/ul>\t\t\t\t\t\t\t\t<\/div>\n\t\t\t\t<\/div>\n\t\t\t\t<\/div>\n\t\t\t\t\t<\/div>\n\t\t\t\t<\/div>\n\t\t<div class=\"elementor-element elementor-element-e104d6f e-con-full e-flex e-con e-parent\" data-id=\"e104d6f\" data-element_type=\"container\" data-e-type=\"container\">\n\t\t\t\t<div class=\"elementor-element elementor-element-2481f25 elementor-cta--skin-cover elementor-animated-content elementor-bg-transform elementor-bg-transform-zoom-in elementor-widget elementor-widget-call-to-action\" data-id=\"2481f25\" data-element_type=\"widget\" data-e-type=\"widget\" data-widget_type=\"call-to-action.default\">\n\t\t\t\t<div class=\"elementor-widget-container\">\n\t\t\t\t\t\t\t<div class=\"elementor-cta\">\n\t\t\t\t\t<div class=\"elementor-cta__bg-wrapper\">\n\t\t\t\t<div class=\"elementor-cta__bg elementor-bg\" style=\"background-image: url(https:\/\/tuproveedorgourmet.com\/wp-content\/uploads\/2025\/05\/banner2-1024x638.jpg);\" role=\"img\" aria-label=\"banner2\"><\/div>\n\t\t\t\t<div class=\"elementor-cta__bg-overlay\"><\/div>\n\t\t\t<\/div>\n\t\t\t\t\t\t\t<div class=\"elementor-cta__content\">\n\t\t\t\t\n\t\t\t\t\t\t\t\t\t<h2 class=\"elementor-cta__title elementor-cta__content-item elementor-content-item elementor-animated-item--grow\">\n\t\t\t\t\t\t\u00bfQuieres descubrir el aut\u00e9ntico sabor de la excelencia?\t\t\t\t\t<\/h2>\n\t\t\t\t\n\t\t\t\t\t\t\t\t\t<div class=\"elementor-cta__description elementor-cta__content-item elementor-content-item elementor-animated-item--grow\">\n\t\t\t\t\t\tCont\u00e1ctanos y d\u00e9jate sorprender por la calidad de nuestros productos ib\u00e9ricos y conservas gourmet.\t\t\t\t\t<\/div>\n\t\t\t\t\n\t\t\t\t\t\t\t\t\t<div class=\"elementor-cta__button-wrapper elementor-cta__content-item elementor-content-item elementor-animated-item--grow\">\n\t\t\t\t\t<a class=\"elementor-cta__button elementor-button elementor-size-\" href=\"https:\/\/tuproveedorgourmet.com\/en\/contacto\/\">\n\t\t\t\t\t\tContact\t\t\t\t\t<\/a>\n\t\t\t\t\t<\/div>\n\t\t\t\t\t\t\t<\/div>\n\t\t\t\t\t\t<\/div>\n\t\t\t\t\t\t<\/div>\n\t\t\t\t<\/div>\n\t\t\t\t<\/div>\n\t\t\t\t<\/div>","protected":false},"excerpt":{"rendered":"<p>Jam\u00f3n Ib\u00e9rico de Bellota Pieza entera (con pata, curaci\u00f3n natural en bodega). Deshuesado (listo para corte mec\u00e1nico o presentaci\u00f3n en restauraci\u00f3n). Loncheado a m\u00e1quina (corte homog\u00e9neo, envasado al vac\u00edo). Loncheado a cuchillo (bajo pedido, corte tradicional que conserva aromas y texturas). Paleta Ib\u00e9rica de Bellota Curaci\u00f3n m\u00e1s breve pero de sabor intenso. Disponible en pieza [&hellip;]<\/p>\n","protected":false},"author":1,"featured_media":0,"parent":0,"menu_order":0,"comment_status":"closed","ping_status":"closed","template":"elementor_canvas","meta":{"footnotes":""},"class_list":["post-25","page","type-page","status-publish","hentry"],"yoast_head":"<!-- This site is optimized with the Yoast SEO plugin v27.3 - https:\/\/yoast.com\/product\/yoast-seo-wordpress\/ -->\n<title>Ib\u00e9rico - Tu Proveedor Gourmet<\/title>\n<meta name=\"robots\" content=\"index, follow, max-snippet:-1, max-image-preview:large, max-video-preview:-1\" \/>\n<link rel=\"canonical\" href=\"https:\/\/tuproveedorgourmet.com\/en\/ibericos\/\" \/>\n<meta property=\"og:locale\" content=\"en_GB\" \/>\n<meta property=\"og:type\" content=\"article\" \/>\n<meta property=\"og:title\" content=\"Ib\u00e9rico - Tu Proveedor Gourmet\" \/>\n<meta property=\"og:description\" content=\"Jam\u00f3n Ib\u00e9rico de Bellota Pieza entera (con pata, curaci\u00f3n natural en bodega). Deshuesado (listo para corte mec\u00e1nico o presentaci\u00f3n en restauraci\u00f3n). Loncheado a m\u00e1quina (corte homog\u00e9neo, envasado al vac\u00edo). Loncheado a cuchillo (bajo pedido, corte tradicional que conserva aromas y texturas). Paleta Ib\u00e9rica de Bellota Curaci\u00f3n m\u00e1s breve pero de sabor intenso. Disponible en pieza [&hellip;]\" \/>\n<meta property=\"og:url\" content=\"https:\/\/tuproveedorgourmet.com\/en\/ibericos\/\" \/>\n<meta property=\"og:site_name\" content=\"Tu Proveedor Gourmet\" \/>\n<meta property=\"article:modified_time\" content=\"2025-05-22T10:46:31+00:00\" \/>\n<meta property=\"og:image\" content=\"https:\/\/tuproveedorgourmet.com\/wp-content\/uploads\/2025\/05\/IMG-20250127-WA0011-Aitor-Almero.jpg\" \/>\n\t<meta property=\"og:image:width\" content=\"1600\" \/>\n\t<meta property=\"og:image:height\" content=\"1200\" \/>\n\t<meta property=\"og:image:type\" content=\"image\/jpeg\" \/>\n<meta name=\"twitter:card\" content=\"summary_large_image\" \/>\n<meta name=\"twitter:label1\" content=\"Estimated reading time\" \/>\n\t<meta name=\"twitter:data1\" content=\"2 minutes\" \/>\n<script type=\"application\/ld+json\" class=\"yoast-schema-graph\">{\"@context\":\"https:\\\/\\\/schema.org\",\"@graph\":[{\"@type\":\"WebPage\",\"@id\":\"https:\\\/\\\/tuproveedorgourmet.com\\\/ibericos\\\/\",\"url\":\"https:\\\/\\\/tuproveedorgourmet.com\\\/ibericos\\\/\",\"name\":\"Ib\u00e9rico - Tu Proveedor Gourmet\",\"isPartOf\":{\"@id\":\"https:\\\/\\\/tuproveedorgourmet.com\\\/#website\"},\"primaryImageOfPage\":{\"@id\":\"https:\\\/\\\/tuproveedorgourmet.com\\\/ibericos\\\/#primaryimage\"},\"image\":{\"@id\":\"https:\\\/\\\/tuproveedorgourmet.com\\\/ibericos\\\/#primaryimage\"},\"thumbnailUrl\":\"https:\\\/\\\/tuproveedorgourmet.com\\\/wp-content\\\/uploads\\\/2025\\\/05\\\/IMG-20250127-WA0011-Aitor-Almero-1024x768.jpg\",\"datePublished\":\"2025-05-21T08:09:22+00:00\",\"dateModified\":\"2025-05-22T10:46:31+00:00\",\"breadcrumb\":{\"@id\":\"https:\\\/\\\/tuproveedorgourmet.com\\\/ibericos\\\/#breadcrumb\"},\"inLanguage\":\"en-GB\",\"potentialAction\":[{\"@type\":\"ReadAction\",\"target\":[\"https:\\\/\\\/tuproveedorgourmet.com\\\/ibericos\\\/\"]}]},{\"@type\":\"ImageObject\",\"inLanguage\":\"en-GB\",\"@id\":\"https:\\\/\\\/tuproveedorgourmet.com\\\/ibericos\\\/#primaryimage\",\"url\":\"https:\\\/\\\/tuproveedorgourmet.com\\\/wp-content\\\/uploads\\\/2025\\\/05\\\/IMG-20250127-WA0011-Aitor-Almero-1024x768.jpg\",\"contentUrl\":\"https:\\\/\\\/tuproveedorgourmet.com\\\/wp-content\\\/uploads\\\/2025\\\/05\\\/IMG-20250127-WA0011-Aitor-Almero-1024x768.jpg\"},{\"@type\":\"BreadcrumbList\",\"@id\":\"https:\\\/\\\/tuproveedorgourmet.com\\\/ibericos\\\/#breadcrumb\",\"itemListElement\":[{\"@type\":\"ListItem\",\"position\":1,\"name\":\"Portada\",\"item\":\"https:\\\/\\\/tuproveedorgourmet.com\\\/\"},{\"@type\":\"ListItem\",\"position\":2,\"name\":\"Ib\u00e9rico\"}]},{\"@type\":\"WebSite\",\"@id\":\"https:\\\/\\\/tuproveedorgourmet.com\\\/#website\",\"url\":\"https:\\\/\\\/tuproveedorgourmet.com\\\/\",\"name\":\"Tu Proveedor Gourmet\",\"description\":\"Seleccionadores de productos gourmet\",\"publisher\":{\"@id\":\"https:\\\/\\\/tuproveedorgourmet.com\\\/#organization\"},\"potentialAction\":[{\"@type\":\"SearchAction\",\"target\":{\"@type\":\"EntryPoint\",\"urlTemplate\":\"https:\\\/\\\/tuproveedorgourmet.com\\\/?s={search_term_string}\"},\"query-input\":{\"@type\":\"PropertyValueSpecification\",\"valueRequired\":true,\"valueName\":\"search_term_string\"}}],\"inLanguage\":\"en-GB\"},{\"@type\":\"Organization\",\"@id\":\"https:\\\/\\\/tuproveedorgourmet.com\\\/#organization\",\"name\":\"Tu Proveedor Gourmet\",\"url\":\"https:\\\/\\\/tuproveedorgourmet.com\\\/\",\"logo\":{\"@type\":\"ImageObject\",\"inLanguage\":\"en-GB\",\"@id\":\"https:\\\/\\\/tuproveedorgourmet.com\\\/#\\\/schema\\\/logo\\\/image\\\/\",\"url\":\"https:\\\/\\\/tuproveedorgourmet.com\\\/wp-content\\\/uploads\\\/2025\\\/05\\\/cropped-Logo-GE-3.png\",\"contentUrl\":\"https:\\\/\\\/tuproveedorgourmet.com\\\/wp-content\\\/uploads\\\/2025\\\/05\\\/cropped-Logo-GE-3.png\",\"width\":817,\"height\":636,\"caption\":\"Tu Proveedor Gourmet\"},\"image\":{\"@id\":\"https:\\\/\\\/tuproveedorgourmet.com\\\/#\\\/schema\\\/logo\\\/image\\\/\"}}]}<\/script>\n<!-- \/ Yoast SEO plugin. -->","yoast_head_json":{"title":"Ib\u00e9rico - Tu Proveedor Gourmet","robots":{"index":"index","follow":"follow","max-snippet":"max-snippet:-1","max-image-preview":"max-image-preview:large","max-video-preview":"max-video-preview:-1"},"canonical":"https:\/\/tuproveedorgourmet.com\/en\/ibericos\/","og_locale":"en_GB","og_type":"article","og_title":"Ib\u00e9rico - Tu Proveedor Gourmet","og_description":"Jam\u00f3n Ib\u00e9rico de Bellota Pieza entera (con pata, curaci\u00f3n natural en bodega). Deshuesado (listo para corte mec\u00e1nico o presentaci\u00f3n en restauraci\u00f3n). Loncheado a m\u00e1quina (corte homog\u00e9neo, envasado al vac\u00edo). Loncheado a cuchillo (bajo pedido, corte tradicional que conserva aromas y texturas). Paleta Ib\u00e9rica de Bellota Curaci\u00f3n m\u00e1s breve pero de sabor intenso. Disponible en pieza [&hellip;]","og_url":"https:\/\/tuproveedorgourmet.com\/en\/ibericos\/","og_site_name":"Tu Proveedor Gourmet","article_modified_time":"2025-05-22T10:46:31+00:00","og_image":[{"width":1600,"height":1200,"url":"https:\/\/tuproveedorgourmet.com\/wp-content\/uploads\/2025\/05\/IMG-20250127-WA0011-Aitor-Almero.jpg","type":"image\/jpeg"}],"twitter_card":"summary_large_image","twitter_misc":{"Estimated reading time":"2 minutes"},"schema":{"@context":"https:\/\/schema.org","@graph":[{"@type":"WebPage","@id":"https:\/\/tuproveedorgourmet.com\/ibericos\/","url":"https:\/\/tuproveedorgourmet.com\/ibericos\/","name":"Ib\u00e9rico - Tu Proveedor Gourmet","isPartOf":{"@id":"https:\/\/tuproveedorgourmet.com\/#website"},"primaryImageOfPage":{"@id":"https:\/\/tuproveedorgourmet.com\/ibericos\/#primaryimage"},"image":{"@id":"https:\/\/tuproveedorgourmet.com\/ibericos\/#primaryimage"},"thumbnailUrl":"https:\/\/tuproveedorgourmet.com\/wp-content\/uploads\/2025\/05\/IMG-20250127-WA0011-Aitor-Almero-1024x768.jpg","datePublished":"2025-05-21T08:09:22+00:00","dateModified":"2025-05-22T10:46:31+00:00","breadcrumb":{"@id":"https:\/\/tuproveedorgourmet.com\/ibericos\/#breadcrumb"},"inLanguage":"en-GB","potentialAction":[{"@type":"ReadAction","target":["https:\/\/tuproveedorgourmet.com\/ibericos\/"]}]},{"@type":"ImageObject","inLanguage":"en-GB","@id":"https:\/\/tuproveedorgourmet.com\/ibericos\/#primaryimage","url":"https:\/\/tuproveedorgourmet.com\/wp-content\/uploads\/2025\/05\/IMG-20250127-WA0011-Aitor-Almero-1024x768.jpg","contentUrl":"https:\/\/tuproveedorgourmet.com\/wp-content\/uploads\/2025\/05\/IMG-20250127-WA0011-Aitor-Almero-1024x768.jpg"},{"@type":"BreadcrumbList","@id":"https:\/\/tuproveedorgourmet.com\/ibericos\/#breadcrumb","itemListElement":[{"@type":"ListItem","position":1,"name":"Portada","item":"https:\/\/tuproveedorgourmet.com\/"},{"@type":"ListItem","position":2,"name":"Ib\u00e9rico"}]},{"@type":"WebSite","@id":"https:\/\/tuproveedorgourmet.com\/#website","url":"https:\/\/tuproveedorgourmet.com\/","name":"Tu Proveedor Gourmet","description":"Seleccionadores de productos gourmet","publisher":{"@id":"https:\/\/tuproveedorgourmet.com\/#organization"},"potentialAction":[{"@type":"SearchAction","target":{"@type":"EntryPoint","urlTemplate":"https:\/\/tuproveedorgourmet.com\/?s={search_term_string}"},"query-input":{"@type":"PropertyValueSpecification","valueRequired":true,"valueName":"search_term_string"}}],"inLanguage":"en-GB"},{"@type":"Organization","@id":"https:\/\/tuproveedorgourmet.com\/#organization","name":"Tu Proveedor Gourmet","url":"https:\/\/tuproveedorgourmet.com\/","logo":{"@type":"ImageObject","inLanguage":"en-GB","@id":"https:\/\/tuproveedorgourmet.com\/#\/schema\/logo\/image\/","url":"https:\/\/tuproveedorgourmet.com\/wp-content\/uploads\/2025\/05\/cropped-Logo-GE-3.png","contentUrl":"https:\/\/tuproveedorgourmet.com\/wp-content\/uploads\/2025\/05\/cropped-Logo-GE-3.png","width":817,"height":636,"caption":"Tu Proveedor Gourmet"},"image":{"@id":"https:\/\/tuproveedorgourmet.com\/#\/schema\/logo\/image\/"}}]}},"_links":{"self":[{"href":"https:\/\/tuproveedorgourmet.com\/en\/wp-json\/wp\/v2\/pages\/25","targetHints":{"allow":["GET"]}}],"collection":[{"href":"https:\/\/tuproveedorgourmet.com\/en\/wp-json\/wp\/v2\/pages"}],"about":[{"href":"https:\/\/tuproveedorgourmet.com\/en\/wp-json\/wp\/v2\/types\/page"}],"author":[{"embeddable":true,"href":"https:\/\/tuproveedorgourmet.com\/en\/wp-json\/wp\/v2\/users\/1"}],"replies":[{"embeddable":true,"href":"https:\/\/tuproveedorgourmet.com\/en\/wp-json\/wp\/v2\/comments?post=25"}],"version-history":[{"count":59,"href":"https:\/\/tuproveedorgourmet.com\/en\/wp-json\/wp\/v2\/pages\/25\/revisions"}],"predecessor-version":[{"id":565,"href":"https:\/\/tuproveedorgourmet.com\/en\/wp-json\/wp\/v2\/pages\/25\/revisions\/565"}],"wp:attachment":[{"href":"https:\/\/tuproveedorgourmet.com\/en\/wp-json\/wp\/v2\/media?parent=25"}],"curies":[{"name":"wp","href":"https:\/\/api.w.org\/{rel}","templated":true}]}}