{"id":529,"date":"2025-05-22T10:01:47","date_gmt":"2025-05-22T10:01:47","guid":{"rendered":"https:\/\/tuproveedorgourmet.rkinformatika.online\/?page_id=529"},"modified":"2025-05-22T10:42:25","modified_gmt":"2025-05-22T10:42:25","slug":"anchoas","status":"publish","type":"page","link":"https:\/\/tuproveedorgourmet.com\/en\/anchoas\/","title":{"rendered":"Anchovies"},"content":{"rendered":"<div data-elementor-type=\"wp-page\" data-elementor-id=\"529\" class=\"elementor elementor-529\" data-elementor-post-type=\"page\">\n\t\t\t\t<div class=\"elementor-element elementor-element-b23f0c2 e-flex e-con-boxed e-con e-parent\" data-id=\"b23f0c2\" data-element_type=\"container\" data-e-type=\"container\" data-settings=\"{&quot;background_background&quot;:&quot;classic&quot;}\">\n\t\t\t\t\t<div class=\"e-con-inner\">\n\t\t<div class=\"elementor-element elementor-element-ba61a4c e-con-full e-flex e-con e-child\" data-id=\"ba61a4c\" data-element_type=\"container\" data-e-type=\"container\">\n\t\t\t\t<div class=\"elementor-element elementor-element-33d9e2a elementor-widget elementor-widget-heading\" data-id=\"33d9e2a\" data-element_type=\"widget\" data-e-type=\"widget\" data-widget_type=\"heading.default\">\n\t\t\t\t<div class=\"elementor-widget-container\">\n\t\t\t\t\t<h2 class=\"elementor-heading-title elementor-size-default\">Conservas Gourmet: Anchoas en conserva<\/h2>\t\t\t\t<\/div>\n\t\t\t\t<\/div>\n\t\t\t\t<div class=\"elementor-element elementor-element-242d38e elementor-widget elementor-widget-text-editor\" data-id=\"242d38e\" data-element_type=\"widget\" data-e-type=\"widget\" data-widget_type=\"text-editor.default\">\n\t\t\t\t<div class=\"elementor-widget-container\">\n\t\t\t\t\t\t\t\t\t<ul><li data-start=\"2056\" data-end=\"2118\"><strong data-start=\"2056\" data-end=\"2092\">Filetes de anchoa del Cant\u00e1brico<\/strong>, seleccionados uno a uno.<\/li><li data-start=\"2056\" data-end=\"2118\"><strong data-start=\"2121\" data-end=\"2146\">Elaboraci\u00f3n artesanal<\/strong>: limpieza a mano, maduraci\u00f3n en salaz\u00f3n durante meses y conservaci\u00f3n en aceite de oliva de calidad.<\/li><li data-start=\"2056\" data-end=\"2118\"><strong data-start=\"2249\" data-end=\"2305\">Textura firme, sabor equilibrado, sin exceso de sal.<\/strong><\/li><\/ul>\t\t\t\t\t\t\t\t<\/div>\n\t\t\t\t<\/div>\n\t\t\t\t<\/div>\n\t\t<div class=\"elementor-element elementor-element-0dd3fe0 e-con-full e-flex e-con e-child\" data-id=\"0dd3fe0\" data-element_type=\"container\" data-e-type=\"container\">\n\t\t\t\t<div class=\"elementor-element elementor-element-deebf71 elementor-widget elementor-widget-image\" data-id=\"deebf71\" data-element_type=\"widget\" data-e-type=\"widget\" data-widget_type=\"image.default\">\n\t\t\t\t<div class=\"elementor-widget-container\">\n\t\t\t\t\t\t\t\t\t\t\t\t\t\t\t<img fetchpriority=\"high\" decoding=\"async\" width=\"800\" height=\"534\" src=\"https:\/\/tuproveedorgourmet.com\/wp-content\/uploads\/2025\/05\/anchoa-1024x683.png\" class=\"attachment-large size-large wp-image-537\" alt=\"\" srcset=\"https:\/\/tuproveedorgourmet.com\/wp-content\/uploads\/2025\/05\/anchoa-1024x683.png 1024w, https:\/\/tuproveedorgourmet.com\/wp-content\/uploads\/2025\/05\/anchoa-300x200.png 300w, https:\/\/tuproveedorgourmet.com\/wp-content\/uploads\/2025\/05\/anchoa-768x512.png 768w, https:\/\/tuproveedorgourmet.com\/wp-content\/uploads\/2025\/05\/anchoa-18x12.png 18w, https:\/\/tuproveedorgourmet.com\/wp-content\/uploads\/2025\/05\/anchoa.png 1500w\" sizes=\"(max-width: 800px) 100vw, 800px\" \/>\t\t\t\t\t\t\t\t\t\t\t\t\t\t\t<\/div>\n\t\t\t\t<\/div>\n\t\t\t\t<\/div>\n\t\t<div class=\"elementor-element elementor-element-6159f1a e-con-full e-flex e-con e-child\" data-id=\"6159f1a\" data-element_type=\"container\" data-e-type=\"container\">\n\t\t\t\t<div class=\"elementor-element elementor-element-09d596c elementor-widget elementor-widget-image\" data-id=\"09d596c\" data-element_type=\"widget\" data-e-type=\"widget\" data-widget_type=\"image.default\">\n\t\t\t\t<div class=\"elementor-widget-container\">\n\t\t\t\t\t\t\t\t\t\t\t\t\t\t\t<img decoding=\"async\" width=\"800\" height=\"534\" src=\"https:\/\/tuproveedorgourmet.com\/wp-content\/uploads\/2025\/05\/anchoa-1-1024x683.png\" class=\"attachment-large size-large wp-image-539\" alt=\"\" srcset=\"https:\/\/tuproveedorgourmet.com\/wp-content\/uploads\/2025\/05\/anchoa-1-1024x683.png 1024w, https:\/\/tuproveedorgourmet.com\/wp-content\/uploads\/2025\/05\/anchoa-1-300x200.png 300w, https:\/\/tuproveedorgourmet.com\/wp-content\/uploads\/2025\/05\/anchoa-1-768x512.png 768w, https:\/\/tuproveedorgourmet.com\/wp-content\/uploads\/2025\/05\/anchoa-1-18x12.png 18w, https:\/\/tuproveedorgourmet.com\/wp-content\/uploads\/2025\/05\/anchoa-1.png 1500w\" sizes=\"(max-width: 800px) 100vw, 800px\" \/>\t\t\t\t\t\t\t\t\t\t\t\t\t\t\t<\/div>\n\t\t\t\t<\/div>\n\t\t\t\t<\/div>\n\t\t<div class=\"elementor-element elementor-element-d3249b7 e-con-full e-flex e-con e-child\" data-id=\"d3249b7\" data-element_type=\"container\" data-e-type=\"container\">\n\t\t\t\t<div class=\"elementor-element elementor-element-c9b35cd elementor-widget elementor-widget-heading\" data-id=\"c9b35cd\" data-element_type=\"widget\" data-e-type=\"widget\" data-widget_type=\"heading.default\">\n\t\t\t\t<div class=\"elementor-widget-container\">\n\t\t\t\t\t<h2 class=\"elementor-heading-title elementor-size-default\">Bonito del Norte en Conserva<\/h2>\t\t\t\t<\/div>\n\t\t\t\t<\/div>\n\t\t\t\t<div class=\"elementor-element elementor-element-389c6db elementor-widget elementor-widget-text-editor\" data-id=\"389c6db\" data-element_type=\"widget\" data-e-type=\"widget\" data-widget_type=\"text-editor.default\">\n\t\t\t\t<div class=\"elementor-widget-container\">\n\t\t\t\t\t\t\t\t\t<ul><li data-start=\"1201\" data-end=\"1246\"><p data-start=\"1203\" data-end=\"1246\">Desde el mar Cant\u00e1brico, traemos a tu mesa otro tesoro de nuestra selecci\u00f3n gourmet: el <strong data-start=\"401\" data-end=\"440\">Bonito del Norte (Thunnus alalunga)<\/strong>, considerado el at\u00fan blanco de mayor calidad.<br data-start=\"486\" data-end=\"489\" \/>Capturado de forma artesanal y elaborado siguiendo m\u00e9todos tradicionales, es el complemento perfecto a nuestra gama ib\u00e9rica: <strong data-start=\"614\" data-end=\"663\">producto puro, honesto, elaborado con respeto<\/strong>.<\/p><\/li><\/ul>\t\t\t\t\t\t\t\t<\/div>\n\t\t\t\t<\/div>\n\t\t\t\t<\/div>\n\t\t\t\t\t<\/div>\n\t\t\t\t<\/div>\n\t\t<div class=\"elementor-element elementor-element-3960f8d e-con-full e-flex e-con e-parent\" data-id=\"3960f8d\" data-element_type=\"container\" data-e-type=\"container\">\n\t\t\t\t<div class=\"elementor-element elementor-element-9d454c3 elementor-cta--skin-cover elementor-animated-content elementor-bg-transform elementor-bg-transform-zoom-in elementor-widget elementor-widget-call-to-action\" data-id=\"9d454c3\" data-element_type=\"widget\" data-e-type=\"widget\" data-widget_type=\"call-to-action.default\">\n\t\t\t\t<div class=\"elementor-widget-container\">\n\t\t\t\t\t\t\t<div class=\"elementor-cta\">\n\t\t\t\t\t<div class=\"elementor-cta__bg-wrapper\">\n\t\t\t\t<div class=\"elementor-cta__bg elementor-bg\" style=\"background-image: url(https:\/\/tuproveedorgourmet.com\/wp-content\/uploads\/2025\/05\/banner2-1024x638.jpg);\" role=\"img\" aria-label=\"banner2\"><\/div>\n\t\t\t\t<div class=\"elementor-cta__bg-overlay\"><\/div>\n\t\t\t<\/div>\n\t\t\t\t\t\t\t<div class=\"elementor-cta__content\">\n\t\t\t\t\n\t\t\t\t\t\t\t\t\t<h2 class=\"elementor-cta__title elementor-cta__content-item elementor-content-item elementor-animated-item--grow\">\n\t\t\t\t\t\t\u00bfQuieres descubrir el aut\u00e9ntico sabor de la excelencia?\t\t\t\t\t<\/h2>\n\t\t\t\t\n\t\t\t\t\t\t\t\t\t<div class=\"elementor-cta__description elementor-cta__content-item elementor-content-item elementor-animated-item--grow\">\n\t\t\t\t\t\tCont\u00e1ctanos y d\u00e9jate sorprender por la calidad de nuestros productos ib\u00e9ricos y conservas gourmet.\t\t\t\t\t<\/div>\n\t\t\t\t\n\t\t\t\t\t\t\t\t\t<div class=\"elementor-cta__button-wrapper elementor-cta__content-item elementor-content-item elementor-animated-item--grow\">\n\t\t\t\t\t<a class=\"elementor-cta__button elementor-button elementor-size-\" href=\"https:\/\/tuproveedorgourmet.com\/en\/contacto\/\">\n\t\t\t\t\t\tContact\t\t\t\t\t<\/a>\n\t\t\t\t\t<\/div>\n\t\t\t\t\t\t\t<\/div>\n\t\t\t\t\t\t<\/div>\n\t\t\t\t\t\t<\/div>\n\t\t\t\t<\/div>\n\t\t\t\t<\/div>\n\t\t\t\t<\/div>","protected":false},"excerpt":{"rendered":"<p>Conservas Gourmet: Anchoas en conserva Filetes de anchoa del Cant\u00e1brico, seleccionados uno a uno. Elaboraci\u00f3n artesanal: limpieza a mano, maduraci\u00f3n en salaz\u00f3n durante meses y conservaci\u00f3n en aceite de oliva de calidad. Textura firme, sabor equilibrado, sin exceso de sal. Bonito del Norte en Conserva Desde el mar Cant\u00e1brico, traemos a tu mesa otro tesoro [&hellip;]<\/p>\n","protected":false},"author":1,"featured_media":0,"parent":0,"menu_order":0,"comment_status":"closed","ping_status":"closed","template":"elementor_canvas","meta":{"footnotes":""},"class_list":["post-529","page","type-page","status-publish","hentry"],"yoast_head":"<!-- This site is optimized with the Yoast SEO plugin v27.3 - https:\/\/yoast.com\/product\/yoast-seo-wordpress\/ -->\n<title>Anchoas - Tu Proveedor Gourmet<\/title>\n<meta name=\"robots\" content=\"index, follow, max-snippet:-1, max-image-preview:large, max-video-preview:-1\" \/>\n<link rel=\"canonical\" href=\"https:\/\/tuproveedorgourmet.com\/en\/anchoas\/\" \/>\n<meta property=\"og:locale\" content=\"en_GB\" \/>\n<meta property=\"og:type\" content=\"article\" \/>\n<meta property=\"og:title\" content=\"Anchoas - Tu Proveedor Gourmet\" \/>\n<meta property=\"og:description\" content=\"Conservas Gourmet: Anchoas en conserva Filetes de anchoa del Cant\u00e1brico, seleccionados uno a uno. Elaboraci\u00f3n artesanal: limpieza a mano, maduraci\u00f3n en salaz\u00f3n durante meses y conservaci\u00f3n en aceite de oliva de calidad. Textura firme, sabor equilibrado, sin exceso de sal. Bonito del Norte en Conserva Desde el mar Cant\u00e1brico, traemos a tu mesa otro tesoro [&hellip;]\" \/>\n<meta property=\"og:url\" content=\"https:\/\/tuproveedorgourmet.com\/en\/anchoas\/\" \/>\n<meta property=\"og:site_name\" content=\"Tu Proveedor Gourmet\" \/>\n<meta property=\"article:modified_time\" content=\"2025-05-22T10:42:25+00:00\" \/>\n<meta property=\"og:image\" content=\"https:\/\/tuproveedorgourmet.com\/wp-content\/uploads\/2025\/05\/anchoa-1024x683.png\" \/>\n\t<meta property=\"og:image:width\" content=\"1024\" \/>\n\t<meta property=\"og:image:height\" content=\"683\" \/>\n\t<meta property=\"og:image:type\" content=\"image\/png\" \/>\n<meta name=\"twitter:card\" content=\"summary_large_image\" \/>\n<meta name=\"twitter:label1\" content=\"Estimated reading time\" \/>\n\t<meta name=\"twitter:data1\" content=\"1 minute\" \/>\n<script type=\"application\/ld+json\" class=\"yoast-schema-graph\">{\"@context\":\"https:\\\/\\\/schema.org\",\"@graph\":[{\"@type\":\"WebPage\",\"@id\":\"https:\\\/\\\/tuproveedorgourmet.com\\\/anchoas\\\/\",\"url\":\"https:\\\/\\\/tuproveedorgourmet.com\\\/anchoas\\\/\",\"name\":\"Anchoas - Tu Proveedor Gourmet\",\"isPartOf\":{\"@id\":\"https:\\\/\\\/tuproveedorgourmet.com\\\/#website\"},\"primaryImageOfPage\":{\"@id\":\"https:\\\/\\\/tuproveedorgourmet.com\\\/anchoas\\\/#primaryimage\"},\"image\":{\"@id\":\"https:\\\/\\\/tuproveedorgourmet.com\\\/anchoas\\\/#primaryimage\"},\"thumbnailUrl\":\"https:\\\/\\\/tuproveedorgourmet.com\\\/wp-content\\\/uploads\\\/2025\\\/05\\\/anchoa-1024x683.png\",\"datePublished\":\"2025-05-22T10:01:47+00:00\",\"dateModified\":\"2025-05-22T10:42:25+00:00\",\"breadcrumb\":{\"@id\":\"https:\\\/\\\/tuproveedorgourmet.com\\\/anchoas\\\/#breadcrumb\"},\"inLanguage\":\"en-GB\",\"potentialAction\":[{\"@type\":\"ReadAction\",\"target\":[\"https:\\\/\\\/tuproveedorgourmet.com\\\/anchoas\\\/\"]}]},{\"@type\":\"ImageObject\",\"inLanguage\":\"en-GB\",\"@id\":\"https:\\\/\\\/tuproveedorgourmet.com\\\/anchoas\\\/#primaryimage\",\"url\":\"https:\\\/\\\/tuproveedorgourmet.com\\\/wp-content\\\/uploads\\\/2025\\\/05\\\/anchoa-1024x683.png\",\"contentUrl\":\"https:\\\/\\\/tuproveedorgourmet.com\\\/wp-content\\\/uploads\\\/2025\\\/05\\\/anchoa-1024x683.png\"},{\"@type\":\"BreadcrumbList\",\"@id\":\"https:\\\/\\\/tuproveedorgourmet.com\\\/anchoas\\\/#breadcrumb\",\"itemListElement\":[{\"@type\":\"ListItem\",\"position\":1,\"name\":\"Portada\",\"item\":\"https:\\\/\\\/tuproveedorgourmet.com\\\/\"},{\"@type\":\"ListItem\",\"position\":2,\"name\":\"Anchoas\"}]},{\"@type\":\"WebSite\",\"@id\":\"https:\\\/\\\/tuproveedorgourmet.com\\\/#website\",\"url\":\"https:\\\/\\\/tuproveedorgourmet.com\\\/\",\"name\":\"Tu Proveedor Gourmet\",\"description\":\"Seleccionadores de productos gourmet\",\"publisher\":{\"@id\":\"https:\\\/\\\/tuproveedorgourmet.com\\\/#organization\"},\"potentialAction\":[{\"@type\":\"SearchAction\",\"target\":{\"@type\":\"EntryPoint\",\"urlTemplate\":\"https:\\\/\\\/tuproveedorgourmet.com\\\/?s={search_term_string}\"},\"query-input\":{\"@type\":\"PropertyValueSpecification\",\"valueRequired\":true,\"valueName\":\"search_term_string\"}}],\"inLanguage\":\"en-GB\"},{\"@type\":\"Organization\",\"@id\":\"https:\\\/\\\/tuproveedorgourmet.com\\\/#organization\",\"name\":\"Tu Proveedor Gourmet\",\"url\":\"https:\\\/\\\/tuproveedorgourmet.com\\\/\",\"logo\":{\"@type\":\"ImageObject\",\"inLanguage\":\"en-GB\",\"@id\":\"https:\\\/\\\/tuproveedorgourmet.com\\\/#\\\/schema\\\/logo\\\/image\\\/\",\"url\":\"https:\\\/\\\/tuproveedorgourmet.com\\\/wp-content\\\/uploads\\\/2025\\\/05\\\/cropped-Logo-GE-3.png\",\"contentUrl\":\"https:\\\/\\\/tuproveedorgourmet.com\\\/wp-content\\\/uploads\\\/2025\\\/05\\\/cropped-Logo-GE-3.png\",\"width\":817,\"height\":636,\"caption\":\"Tu Proveedor Gourmet\"},\"image\":{\"@id\":\"https:\\\/\\\/tuproveedorgourmet.com\\\/#\\\/schema\\\/logo\\\/image\\\/\"}}]}<\/script>\n<!-- \/ Yoast SEO plugin. -->","yoast_head_json":{"title":"Anchoas - Tu Proveedor Gourmet","robots":{"index":"index","follow":"follow","max-snippet":"max-snippet:-1","max-image-preview":"max-image-preview:large","max-video-preview":"max-video-preview:-1"},"canonical":"https:\/\/tuproveedorgourmet.com\/en\/anchoas\/","og_locale":"en_GB","og_type":"article","og_title":"Anchoas - Tu Proveedor Gourmet","og_description":"Conservas Gourmet: Anchoas en conserva Filetes de anchoa del Cant\u00e1brico, seleccionados uno a uno. Elaboraci\u00f3n artesanal: limpieza a mano, maduraci\u00f3n en salaz\u00f3n durante meses y conservaci\u00f3n en aceite de oliva de calidad. Textura firme, sabor equilibrado, sin exceso de sal. Bonito del Norte en Conserva Desde el mar Cant\u00e1brico, traemos a tu mesa otro tesoro [&hellip;]","og_url":"https:\/\/tuproveedorgourmet.com\/en\/anchoas\/","og_site_name":"Tu Proveedor Gourmet","article_modified_time":"2025-05-22T10:42:25+00:00","og_image":[{"width":1024,"height":683,"url":"https:\/\/tuproveedorgourmet.com\/wp-content\/uploads\/2025\/05\/anchoa-1024x683.png","type":"image\/png"}],"twitter_card":"summary_large_image","twitter_misc":{"Estimated reading time":"1 minute"},"schema":{"@context":"https:\/\/schema.org","@graph":[{"@type":"WebPage","@id":"https:\/\/tuproveedorgourmet.com\/anchoas\/","url":"https:\/\/tuproveedorgourmet.com\/anchoas\/","name":"Anchoas - Tu Proveedor Gourmet","isPartOf":{"@id":"https:\/\/tuproveedorgourmet.com\/#website"},"primaryImageOfPage":{"@id":"https:\/\/tuproveedorgourmet.com\/anchoas\/#primaryimage"},"image":{"@id":"https:\/\/tuproveedorgourmet.com\/anchoas\/#primaryimage"},"thumbnailUrl":"https:\/\/tuproveedorgourmet.com\/wp-content\/uploads\/2025\/05\/anchoa-1024x683.png","datePublished":"2025-05-22T10:01:47+00:00","dateModified":"2025-05-22T10:42:25+00:00","breadcrumb":{"@id":"https:\/\/tuproveedorgourmet.com\/anchoas\/#breadcrumb"},"inLanguage":"en-GB","potentialAction":[{"@type":"ReadAction","target":["https:\/\/tuproveedorgourmet.com\/anchoas\/"]}]},{"@type":"ImageObject","inLanguage":"en-GB","@id":"https:\/\/tuproveedorgourmet.com\/anchoas\/#primaryimage","url":"https:\/\/tuproveedorgourmet.com\/wp-content\/uploads\/2025\/05\/anchoa-1024x683.png","contentUrl":"https:\/\/tuproveedorgourmet.com\/wp-content\/uploads\/2025\/05\/anchoa-1024x683.png"},{"@type":"BreadcrumbList","@id":"https:\/\/tuproveedorgourmet.com\/anchoas\/#breadcrumb","itemListElement":[{"@type":"ListItem","position":1,"name":"Portada","item":"https:\/\/tuproveedorgourmet.com\/"},{"@type":"ListItem","position":2,"name":"Anchoas"}]},{"@type":"WebSite","@id":"https:\/\/tuproveedorgourmet.com\/#website","url":"https:\/\/tuproveedorgourmet.com\/","name":"Tu Proveedor Gourmet","description":"Seleccionadores de productos gourmet","publisher":{"@id":"https:\/\/tuproveedorgourmet.com\/#organization"},"potentialAction":[{"@type":"SearchAction","target":{"@type":"EntryPoint","urlTemplate":"https:\/\/tuproveedorgourmet.com\/?s={search_term_string}"},"query-input":{"@type":"PropertyValueSpecification","valueRequired":true,"valueName":"search_term_string"}}],"inLanguage":"en-GB"},{"@type":"Organization","@id":"https:\/\/tuproveedorgourmet.com\/#organization","name":"Tu Proveedor Gourmet","url":"https:\/\/tuproveedorgourmet.com\/","logo":{"@type":"ImageObject","inLanguage":"en-GB","@id":"https:\/\/tuproveedorgourmet.com\/#\/schema\/logo\/image\/","url":"https:\/\/tuproveedorgourmet.com\/wp-content\/uploads\/2025\/05\/cropped-Logo-GE-3.png","contentUrl":"https:\/\/tuproveedorgourmet.com\/wp-content\/uploads\/2025\/05\/cropped-Logo-GE-3.png","width":817,"height":636,"caption":"Tu Proveedor Gourmet"},"image":{"@id":"https:\/\/tuproveedorgourmet.com\/#\/schema\/logo\/image\/"}}]}},"_links":{"self":[{"href":"https:\/\/tuproveedorgourmet.com\/en\/wp-json\/wp\/v2\/pages\/529","targetHints":{"allow":["GET"]}}],"collection":[{"href":"https:\/\/tuproveedorgourmet.com\/en\/wp-json\/wp\/v2\/pages"}],"about":[{"href":"https:\/\/tuproveedorgourmet.com\/en\/wp-json\/wp\/v2\/types\/page"}],"author":[{"embeddable":true,"href":"https:\/\/tuproveedorgourmet.com\/en\/wp-json\/wp\/v2\/users\/1"}],"replies":[{"embeddable":true,"href":"https:\/\/tuproveedorgourmet.com\/en\/wp-json\/wp\/v2\/comments?post=529"}],"version-history":[{"count":16,"href":"https:\/\/tuproveedorgourmet.com\/en\/wp-json\/wp\/v2\/pages\/529\/revisions"}],"predecessor-version":[{"id":568,"href":"https:\/\/tuproveedorgourmet.com\/en\/wp-json\/wp\/v2\/pages\/529\/revisions\/568"}],"wp:attachment":[{"href":"https:\/\/tuproveedorgourmet.com\/en\/wp-json\/wp\/v2\/media?parent=529"}],"curies":[{"name":"wp","href":"https:\/\/api.w.org\/{rel}","templated":true}]}}